{"id":1258,"date":"2016-07-11T14:27:12","date_gmt":"2016-07-11T11:27:12","guid":{"rendered":"http:\/\/www.myd.gen.tr\/?page_id=1258"},"modified":"2016-07-12T17:05:37","modified_gmt":"2016-07-12T14:05:37","slug":"about-us","status":"publish","type":"page","link":"https:\/\/www.myd.gen.tr\/en\/about-us\/","title":{"rendered":"About Us"},"content":{"rendered":"<p>Nowadays, &#8220;Private Security Services&#8221; takes an important place in the daily life of all organizations. This service,regulated by the Law of nr. 5188, can sometimes create an extra work to the organizations who outsources or applies inhouse with the legal obligations, also costs usually arise as an expense that must be kept in mind.<\/p>\n","protected":false},"excerpt":{"rendered":"<p>Nowadays, &#8220;Private Security Services&#8221; takes an important place in the daily life of all organizations. This service,regulated by the Law of nr. 5188, can sometimes create<span class=\"excerpt-hellip\"> [\u2026]<\/span><\/p>\n","protected":false},"author":1,"featured_media":0,"parent":0,"menu_order":0,"comment_status":"closed","ping_status":"closed","template":"","meta":{"rs_blank_template":"","rs_page_bg_color":"","slide_template_v7":"","footnotes":""},"class_list":["post-1258","page","type-page","status-publish","hentry"],"yoast_head":"<!-- This site is optimized with the Yoast SEO plugin v27.4 - https:\/\/yoast.com\/product\/yoast-seo-wordpress\/ -->\n<title>About Us<\/title>\n<meta name=\"robots\" content=\"index, follow, max-snippet:-1, max-image-preview:large, max-video-preview:-1\" \/>\n<link rel=\"canonical\" href=\"https:\/\/www.myd.gen.tr\/en\/about-us\/\" \/>\n<meta property=\"og:locale\" content=\"en_US\" \/>\n<meta property=\"og:type\" content=\"article\" \/>\n<meta property=\"og:title\" content=\"About Us\" \/>\n<meta property=\"og:description\" content=\"Nowadays, &#8220;Private Security Services&#8221; takes an important place in the daily life of all organizations. This service,regulated by the Law of nr. 5188, can sometimes create [\u2026]\" \/>\n<meta property=\"og:url\" content=\"https:\/\/www.myd.gen.tr\/en\/about-us\/\" \/>\n<meta property=\"og:site_name\" content=\"MYD \u00d6zel G\u00fcvenlik Dan\u0131\u015fmanl\u0131\u011f\u0131\" \/>\n<meta property=\"article:modified_time\" content=\"2016-07-12T14:05:37+00:00\" \/>\n<meta name=\"twitter:card\" content=\"summary_large_image\" \/>\n<script type=\"application\/ld+json\" class=\"yoast-schema-graph\">{\"@context\":\"https:\\\/\\\/schema.org\",\"@graph\":[{\"@type\":\"WebPage\",\"@id\":\"https:\\\/\\\/www.myd.gen.tr\\\/en\\\/about-us\\\/\",\"url\":\"https:\\\/\\\/www.myd.gen.tr\\\/en\\\/about-us\\\/\",\"name\":\"About Us\",\"isPartOf\":{\"@id\":\"https:\\\/\\\/www.myd.gen.tr\\\/#website\"},\"datePublished\":\"2016-07-11T11:27:12+00:00\",\"dateModified\":\"2016-07-12T14:05:37+00:00\",\"breadcrumb\":{\"@id\":\"https:\\\/\\\/www.myd.gen.tr\\\/en\\\/about-us\\\/#breadcrumb\"},\"inLanguage\":\"en-US\",\"potentialAction\":[{\"@type\":\"ReadAction\",\"target\":[\"https:\\\/\\\/www.myd.gen.tr\\\/en\\\/about-us\\\/\"]}]},{\"@type\":\"BreadcrumbList\",\"@id\":\"https:\\\/\\\/www.myd.gen.tr\\\/en\\\/about-us\\\/#breadcrumb\",\"itemListElement\":[{\"@type\":\"ListItem\",\"position\":1,\"name\":\"Ana sayfa\",\"item\":\"https:\\\/\\\/www.myd.gen.tr\\\/en\\\/\"},{\"@type\":\"ListItem\",\"position\":2,\"name\":\"About Us\"}]},{\"@type\":\"WebSite\",\"@id\":\"https:\\\/\\\/www.myd.gen.tr\\\/#website\",\"url\":\"https:\\\/\\\/www.myd.gen.tr\\\/\",\"name\":\"MYD \u00d6zel G\u00fcvenlik Dan\u0131\u015fmanl\u0131\u011f\u0131\",\"description\":\"G\u00fcvenli\u011finiz ile ilgili, ihtiya\u00e7 duydu\u011funuz her konuda yan\u0131n\u0131zday\u0131z.\",\"potentialAction\":[{\"@type\":\"SearchAction\",\"target\":{\"@type\":\"EntryPoint\",\"urlTemplate\":\"https:\\\/\\\/www.myd.gen.tr\\\/?s={search_term_string}\"},\"query-input\":{\"@type\":\"PropertyValueSpecification\",\"valueRequired\":true,\"valueName\":\"search_term_string\"}}],\"inLanguage\":\"en-US\"}]}<\/script>\n<!-- \/ Yoast SEO plugin. -->","yoast_head_json":{"title":"About Us","robots":{"index":"index","follow":"follow","max-snippet":"max-snippet:-1","max-image-preview":"max-image-preview:large","max-video-preview":"max-video-preview:-1"},"canonical":"https:\/\/www.myd.gen.tr\/en\/about-us\/","og_locale":"en_US","og_type":"article","og_title":"About Us","og_description":"Nowadays, &#8220;Private Security Services&#8221; takes an important place in the daily life of all organizations. This service,regulated by the Law of nr. 5188, can sometimes create [\u2026]","og_url":"https:\/\/www.myd.gen.tr\/en\/about-us\/","og_site_name":"MYD \u00d6zel G\u00fcvenlik Dan\u0131\u015fmanl\u0131\u011f\u0131","article_modified_time":"2016-07-12T14:05:37+00:00","twitter_card":"summary_large_image","schema":{"@context":"https:\/\/schema.org","@graph":[{"@type":"WebPage","@id":"https:\/\/www.myd.gen.tr\/en\/about-us\/","url":"https:\/\/www.myd.gen.tr\/en\/about-us\/","name":"About Us","isPartOf":{"@id":"https:\/\/www.myd.gen.tr\/#website"},"datePublished":"2016-07-11T11:27:12+00:00","dateModified":"2016-07-12T14:05:37+00:00","breadcrumb":{"@id":"https:\/\/www.myd.gen.tr\/en\/about-us\/#breadcrumb"},"inLanguage":"en-US","potentialAction":[{"@type":"ReadAction","target":["https:\/\/www.myd.gen.tr\/en\/about-us\/"]}]},{"@type":"BreadcrumbList","@id":"https:\/\/www.myd.gen.tr\/en\/about-us\/#breadcrumb","itemListElement":[{"@type":"ListItem","position":1,"name":"Ana sayfa","item":"https:\/\/www.myd.gen.tr\/en\/"},{"@type":"ListItem","position":2,"name":"About Us"}]},{"@type":"WebSite","@id":"https:\/\/www.myd.gen.tr\/#website","url":"https:\/\/www.myd.gen.tr\/","name":"MYD \u00d6zel G\u00fcvenlik Dan\u0131\u015fmanl\u0131\u011f\u0131","description":"G\u00fcvenli\u011finiz ile ilgili, ihtiya\u00e7 duydu\u011funuz her konuda yan\u0131n\u0131zday\u0131z.","potentialAction":[{"@type":"SearchAction","target":{"@type":"EntryPoint","urlTemplate":"https:\/\/www.myd.gen.tr\/?s={search_term_string}"},"query-input":{"@type":"PropertyValueSpecification","valueRequired":true,"valueName":"search_term_string"}}],"inLanguage":"en-US"}]}},"_links":{"self":[{"href":"https:\/\/www.myd.gen.tr\/en\/wp-json\/wp\/v2\/pages\/1258","targetHints":{"allow":["GET"]}}],"collection":[{"href":"https:\/\/www.myd.gen.tr\/en\/wp-json\/wp\/v2\/pages"}],"about":[{"href":"https:\/\/www.myd.gen.tr\/en\/wp-json\/wp\/v2\/types\/page"}],"author":[{"embeddable":true,"href":"https:\/\/www.myd.gen.tr\/en\/wp-json\/wp\/v2\/users\/1"}],"replies":[{"embeddable":true,"href":"https:\/\/www.myd.gen.tr\/en\/wp-json\/wp\/v2\/comments?post=1258"}],"version-history":[{"count":2,"href":"https:\/\/www.myd.gen.tr\/en\/wp-json\/wp\/v2\/pages\/1258\/revisions"}],"predecessor-version":[{"id":1323,"href":"https:\/\/www.myd.gen.tr\/en\/wp-json\/wp\/v2\/pages\/1258\/revisions\/1323"}],"wp:attachment":[{"href":"https:\/\/www.myd.gen.tr\/en\/wp-json\/wp\/v2\/media?parent=1258"}],"curies":[{"name":"wp","href":"https:\/\/api.w.org\/{rel}","templated":true}]}}