{"id":1268,"date":"2016-07-11T14:46:07","date_gmt":"2016-07-11T11:46:07","guid":{"rendered":"http:\/\/www.myd.gen.tr\/?page_id=1268"},"modified":"2020-02-27T16:43:03","modified_gmt":"2020-02-27T13:43:03","slug":"consultants","status":"publish","type":"page","link":"https:\/\/www.myd.gen.tr\/en\/consultants\/","title":{"rendered":"Consultants"},"content":{"rendered":"","protected":false},"excerpt":{"rendered":"","protected":false},"author":1,"featured_media":0,"parent":0,"menu_order":0,"comment_status":"closed","ping_status":"closed","template":"","meta":{"rs_blank_template":"","rs_page_bg_color":"","slide_template_v7":"","footnotes":""},"class_list":["post-1268","page","type-page","status-publish","hentry"],"yoast_head":"<!-- This site is optimized with the Yoast SEO plugin v27.4 - https:\/\/yoast.com\/product\/yoast-seo-wordpress\/ -->\n<title>Consultants<\/title>\n<meta name=\"robots\" content=\"index, follow, max-snippet:-1, max-image-preview:large, max-video-preview:-1\" \/>\n<link rel=\"canonical\" href=\"https:\/\/www.myd.gen.tr\/en\/consultants\/\" \/>\n<meta property=\"og:locale\" content=\"en_US\" \/>\n<meta property=\"og:type\" content=\"article\" \/>\n<meta property=\"og:title\" content=\"Consultants\" \/>\n<meta property=\"og:url\" content=\"https:\/\/www.myd.gen.tr\/en\/consultants\/\" \/>\n<meta property=\"og:site_name\" content=\"MYD \u00d6zel G\u00fcvenlik Dan\u0131\u015fmanl\u0131\u011f\u0131\" \/>\n<meta property=\"article:modified_time\" content=\"2020-02-27T13:43:03+00:00\" \/>\n<meta name=\"twitter:card\" content=\"summary_large_image\" \/>\n<script type=\"application\/ld+json\" class=\"yoast-schema-graph\">{\"@context\":\"https:\\\/\\\/schema.org\",\"@graph\":[{\"@type\":\"WebPage\",\"@id\":\"https:\\\/\\\/www.myd.gen.tr\\\/en\\\/consultants\\\/\",\"url\":\"https:\\\/\\\/www.myd.gen.tr\\\/en\\\/consultants\\\/\",\"name\":\"Consultants\",\"isPartOf\":{\"@id\":\"https:\\\/\\\/www.myd.gen.tr\\\/#website\"},\"datePublished\":\"2016-07-11T11:46:07+00:00\",\"dateModified\":\"2020-02-27T13:43:03+00:00\",\"breadcrumb\":{\"@id\":\"https:\\\/\\\/www.myd.gen.tr\\\/en\\\/consultants\\\/#breadcrumb\"},\"inLanguage\":\"en-US\",\"potentialAction\":[{\"@type\":\"ReadAction\",\"target\":[\"https:\\\/\\\/www.myd.gen.tr\\\/en\\\/consultants\\\/\"]}]},{\"@type\":\"BreadcrumbList\",\"@id\":\"https:\\\/\\\/www.myd.gen.tr\\\/en\\\/consultants\\\/#breadcrumb\",\"itemListElement\":[{\"@type\":\"ListItem\",\"position\":1,\"name\":\"Ana sayfa\",\"item\":\"https:\\\/\\\/www.myd.gen.tr\\\/en\\\/\"},{\"@type\":\"ListItem\",\"position\":2,\"name\":\"Consultants\"}]},{\"@type\":\"WebSite\",\"@id\":\"https:\\\/\\\/www.myd.gen.tr\\\/#website\",\"url\":\"https:\\\/\\\/www.myd.gen.tr\\\/\",\"name\":\"MYD \u00d6zel G\u00fcvenlik Dan\u0131\u015fmanl\u0131\u011f\u0131\",\"description\":\"G\u00fcvenli\u011finiz ile ilgili, ihtiya\u00e7 duydu\u011funuz her konuda yan\u0131n\u0131zday\u0131z.\",\"potentialAction\":[{\"@type\":\"SearchAction\",\"target\":{\"@type\":\"EntryPoint\",\"urlTemplate\":\"https:\\\/\\\/www.myd.gen.tr\\\/?s={search_term_string}\"},\"query-input\":{\"@type\":\"PropertyValueSpecification\",\"valueRequired\":true,\"valueName\":\"search_term_string\"}}],\"inLanguage\":\"en-US\"}]}<\/script>\n<!-- \/ Yoast SEO plugin. -->","yoast_head_json":{"title":"Consultants","robots":{"index":"index","follow":"follow","max-snippet":"max-snippet:-1","max-image-preview":"max-image-preview:large","max-video-preview":"max-video-preview:-1"},"canonical":"https:\/\/www.myd.gen.tr\/en\/consultants\/","og_locale":"en_US","og_type":"article","og_title":"Consultants","og_url":"https:\/\/www.myd.gen.tr\/en\/consultants\/","og_site_name":"MYD \u00d6zel G\u00fcvenlik Dan\u0131\u015fmanl\u0131\u011f\u0131","article_modified_time":"2020-02-27T13:43:03+00:00","twitter_card":"summary_large_image","schema":{"@context":"https:\/\/schema.org","@graph":[{"@type":"WebPage","@id":"https:\/\/www.myd.gen.tr\/en\/consultants\/","url":"https:\/\/www.myd.gen.tr\/en\/consultants\/","name":"Consultants","isPartOf":{"@id":"https:\/\/www.myd.gen.tr\/#website"},"datePublished":"2016-07-11T11:46:07+00:00","dateModified":"2020-02-27T13:43:03+00:00","breadcrumb":{"@id":"https:\/\/www.myd.gen.tr\/en\/consultants\/#breadcrumb"},"inLanguage":"en-US","potentialAction":[{"@type":"ReadAction","target":["https:\/\/www.myd.gen.tr\/en\/consultants\/"]}]},{"@type":"BreadcrumbList","@id":"https:\/\/www.myd.gen.tr\/en\/consultants\/#breadcrumb","itemListElement":[{"@type":"ListItem","position":1,"name":"Ana sayfa","item":"https:\/\/www.myd.gen.tr\/en\/"},{"@type":"ListItem","position":2,"name":"Consultants"}]},{"@type":"WebSite","@id":"https:\/\/www.myd.gen.tr\/#website","url":"https:\/\/www.myd.gen.tr\/","name":"MYD \u00d6zel G\u00fcvenlik Dan\u0131\u015fmanl\u0131\u011f\u0131","description":"G\u00fcvenli\u011finiz ile ilgili, ihtiya\u00e7 duydu\u011funuz her konuda yan\u0131n\u0131zday\u0131z.","potentialAction":[{"@type":"SearchAction","target":{"@type":"EntryPoint","urlTemplate":"https:\/\/www.myd.gen.tr\/?s={search_term_string}"},"query-input":{"@type":"PropertyValueSpecification","valueRequired":true,"valueName":"search_term_string"}}],"inLanguage":"en-US"}]}},"_links":{"self":[{"href":"https:\/\/www.myd.gen.tr\/en\/wp-json\/wp\/v2\/pages\/1268","targetHints":{"allow":["GET"]}}],"collection":[{"href":"https:\/\/www.myd.gen.tr\/en\/wp-json\/wp\/v2\/pages"}],"about":[{"href":"https:\/\/www.myd.gen.tr\/en\/wp-json\/wp\/v2\/types\/page"}],"author":[{"embeddable":true,"href":"https:\/\/www.myd.gen.tr\/en\/wp-json\/wp\/v2\/users\/1"}],"replies":[{"embeddable":true,"href":"https:\/\/www.myd.gen.tr\/en\/wp-json\/wp\/v2\/comments?post=1268"}],"version-history":[{"count":5,"href":"https:\/\/www.myd.gen.tr\/en\/wp-json\/wp\/v2\/pages\/1268\/revisions"}],"predecessor-version":[{"id":1393,"href":"https:\/\/www.myd.gen.tr\/en\/wp-json\/wp\/v2\/pages\/1268\/revisions\/1393"}],"wp:attachment":[{"href":"https:\/\/www.myd.gen.tr\/en\/wp-json\/wp\/v2\/media?parent=1268"}],"curies":[{"name":"wp","href":"https:\/\/api.w.org\/{rel}","templated":true}]}}