{"id":1276,"date":"2016-07-11T15:01:26","date_gmt":"2016-07-11T12:01:26","guid":{"rendered":"http:\/\/www.myd.gen.tr\/?page_id=1276"},"modified":"2016-07-11T15:01:26","modified_gmt":"2016-07-11T12:01:26","slug":"private-security-advisement-part-time-advisement","status":"publish","type":"page","link":"https:\/\/www.myd.gen.tr\/en\/private-security-advisement-part-time-advisement\/","title":{"rendered":"Private Security Advisement  (Part Time Advisement)"},"content":{"rendered":"<p>It is very important that the coordination and control of private seurity services are done by experts, just like other expertised businesses. <\/p>\n<p>Generally, in the large organizations; Private Security Services is carried by an appointed specialist, tittled as\u201cCoordinator\u201d.<\/p>\n<p>On the other hand, in the small or medium sized companies; it is not economically beneficial to hire a Coordinator. Due to economic reason, this duty often fulfilled and followed by Human Resources or Administrative Managers as twintask in these companies.<\/p>\n<p>Due to this situation twin appointed managers workload increase and causes uneffective security services, which needs a seperate know how.<\/p>\n<p>Fullfilling this service by Private Security Consultancy will both; increase efficiency of Security Services in Companies, and keep the costs at minimum by sufficiently \u201cneeded\u201d  This way; benefit of this \u201cPart Time Service can meet the costs that will be incurred.<\/p>\n<p>The time period that the company will need will be defined After surveillances and assesment, in the following time after taking service under control the time period and accordingly, the costs will decrease<\/p>\n<p>We can define this system as \u201c Co-op Coordination of Private Security Services\u201d<\/p>\n","protected":false},"excerpt":{"rendered":"<p>It is very important that the coordination and control of private seurity services are done by experts, just like other expertised businesses. Generally, in the large<span class=\"excerpt-hellip\"> [\u2026]<\/span><\/p>\n","protected":false},"author":1,"featured_media":0,"parent":0,"menu_order":0,"comment_status":"closed","ping_status":"closed","template":"","meta":{"rs_blank_template":"","rs_page_bg_color":"","slide_template_v7":"","footnotes":""},"class_list":["post-1276","page","type-page","status-publish","hentry"],"yoast_head":"<!-- This site is optimized with the Yoast SEO plugin v27.4 - https:\/\/yoast.com\/product\/yoast-seo-wordpress\/ -->\n<title>Private Security Advisement (Part Time Advisement)<\/title>\n<meta name=\"robots\" content=\"index, follow, max-snippet:-1, max-image-preview:large, max-video-preview:-1\" \/>\n<link rel=\"canonical\" href=\"https:\/\/www.myd.gen.tr\/en\/private-security-advisement-part-time-advisement\/\" \/>\n<meta property=\"og:locale\" content=\"en_US\" \/>\n<meta property=\"og:type\" content=\"article\" \/>\n<meta property=\"og:title\" content=\"Private Security Advisement (Part Time Advisement)\" \/>\n<meta property=\"og:description\" content=\"It is very important that the coordination and control of private seurity services are done by experts, just like other expertised businesses. Generally, in the large [\u2026]\" \/>\n<meta property=\"og:url\" content=\"https:\/\/www.myd.gen.tr\/en\/private-security-advisement-part-time-advisement\/\" \/>\n<meta property=\"og:site_name\" content=\"MYD \u00d6zel G\u00fcvenlik Dan\u0131\u015fmanl\u0131\u011f\u0131\" \/>\n<meta name=\"twitter:card\" content=\"summary_large_image\" \/>\n<meta name=\"twitter:label1\" content=\"Est. reading time\" \/>\n\t<meta name=\"twitter:data1\" content=\"1 minute\" \/>\n<script type=\"application\/ld+json\" class=\"yoast-schema-graph\">{\"@context\":\"https:\\\/\\\/schema.org\",\"@graph\":[{\"@type\":\"WebPage\",\"@id\":\"https:\\\/\\\/www.myd.gen.tr\\\/en\\\/private-security-advisement-part-time-advisement\\\/\",\"url\":\"https:\\\/\\\/www.myd.gen.tr\\\/en\\\/private-security-advisement-part-time-advisement\\\/\",\"name\":\"Private Security Advisement (Part Time Advisement)\",\"isPartOf\":{\"@id\":\"https:\\\/\\\/www.myd.gen.tr\\\/#website\"},\"datePublished\":\"2016-07-11T12:01:26+00:00\",\"breadcrumb\":{\"@id\":\"https:\\\/\\\/www.myd.gen.tr\\\/en\\\/private-security-advisement-part-time-advisement\\\/#breadcrumb\"},\"inLanguage\":\"en-US\",\"potentialAction\":[{\"@type\":\"ReadAction\",\"target\":[\"https:\\\/\\\/www.myd.gen.tr\\\/en\\\/private-security-advisement-part-time-advisement\\\/\"]}]},{\"@type\":\"BreadcrumbList\",\"@id\":\"https:\\\/\\\/www.myd.gen.tr\\\/en\\\/private-security-advisement-part-time-advisement\\\/#breadcrumb\",\"itemListElement\":[{\"@type\":\"ListItem\",\"position\":1,\"name\":\"Ana sayfa\",\"item\":\"https:\\\/\\\/www.myd.gen.tr\\\/en\\\/\"},{\"@type\":\"ListItem\",\"position\":2,\"name\":\"Private Security Advisement (Part Time Advisement)\"}]},{\"@type\":\"WebSite\",\"@id\":\"https:\\\/\\\/www.myd.gen.tr\\\/#website\",\"url\":\"https:\\\/\\\/www.myd.gen.tr\\\/\",\"name\":\"MYD \u00d6zel G\u00fcvenlik Dan\u0131\u015fmanl\u0131\u011f\u0131\",\"description\":\"G\u00fcvenli\u011finiz ile ilgili, ihtiya\u00e7 duydu\u011funuz her konuda yan\u0131n\u0131zday\u0131z.\",\"potentialAction\":[{\"@type\":\"SearchAction\",\"target\":{\"@type\":\"EntryPoint\",\"urlTemplate\":\"https:\\\/\\\/www.myd.gen.tr\\\/?s={search_term_string}\"},\"query-input\":{\"@type\":\"PropertyValueSpecification\",\"valueRequired\":true,\"valueName\":\"search_term_string\"}}],\"inLanguage\":\"en-US\"}]}<\/script>\n<!-- \/ Yoast SEO plugin. -->","yoast_head_json":{"title":"Private Security Advisement (Part Time Advisement)","robots":{"index":"index","follow":"follow","max-snippet":"max-snippet:-1","max-image-preview":"max-image-preview:large","max-video-preview":"max-video-preview:-1"},"canonical":"https:\/\/www.myd.gen.tr\/en\/private-security-advisement-part-time-advisement\/","og_locale":"en_US","og_type":"article","og_title":"Private Security Advisement (Part Time Advisement)","og_description":"It is very important that the coordination and control of private seurity services are done by experts, just like other expertised businesses. Generally, in the large [\u2026]","og_url":"https:\/\/www.myd.gen.tr\/en\/private-security-advisement-part-time-advisement\/","og_site_name":"MYD \u00d6zel G\u00fcvenlik Dan\u0131\u015fmanl\u0131\u011f\u0131","twitter_card":"summary_large_image","twitter_misc":{"Est. reading time":"1 minute"},"schema":{"@context":"https:\/\/schema.org","@graph":[{"@type":"WebPage","@id":"https:\/\/www.myd.gen.tr\/en\/private-security-advisement-part-time-advisement\/","url":"https:\/\/www.myd.gen.tr\/en\/private-security-advisement-part-time-advisement\/","name":"Private Security Advisement (Part Time Advisement)","isPartOf":{"@id":"https:\/\/www.myd.gen.tr\/#website"},"datePublished":"2016-07-11T12:01:26+00:00","breadcrumb":{"@id":"https:\/\/www.myd.gen.tr\/en\/private-security-advisement-part-time-advisement\/#breadcrumb"},"inLanguage":"en-US","potentialAction":[{"@type":"ReadAction","target":["https:\/\/www.myd.gen.tr\/en\/private-security-advisement-part-time-advisement\/"]}]},{"@type":"BreadcrumbList","@id":"https:\/\/www.myd.gen.tr\/en\/private-security-advisement-part-time-advisement\/#breadcrumb","itemListElement":[{"@type":"ListItem","position":1,"name":"Ana sayfa","item":"https:\/\/www.myd.gen.tr\/en\/"},{"@type":"ListItem","position":2,"name":"Private Security Advisement (Part Time Advisement)"}]},{"@type":"WebSite","@id":"https:\/\/www.myd.gen.tr\/#website","url":"https:\/\/www.myd.gen.tr\/","name":"MYD \u00d6zel G\u00fcvenlik Dan\u0131\u015fmanl\u0131\u011f\u0131","description":"G\u00fcvenli\u011finiz ile ilgili, ihtiya\u00e7 duydu\u011funuz her konuda yan\u0131n\u0131zday\u0131z.","potentialAction":[{"@type":"SearchAction","target":{"@type":"EntryPoint","urlTemplate":"https:\/\/www.myd.gen.tr\/?s={search_term_string}"},"query-input":{"@type":"PropertyValueSpecification","valueRequired":true,"valueName":"search_term_string"}}],"inLanguage":"en-US"}]}},"_links":{"self":[{"href":"https:\/\/www.myd.gen.tr\/en\/wp-json\/wp\/v2\/pages\/1276","targetHints":{"allow":["GET"]}}],"collection":[{"href":"https:\/\/www.myd.gen.tr\/en\/wp-json\/wp\/v2\/pages"}],"about":[{"href":"https:\/\/www.myd.gen.tr\/en\/wp-json\/wp\/v2\/types\/page"}],"author":[{"embeddable":true,"href":"https:\/\/www.myd.gen.tr\/en\/wp-json\/wp\/v2\/users\/1"}],"replies":[{"embeddable":true,"href":"https:\/\/www.myd.gen.tr\/en\/wp-json\/wp\/v2\/comments?post=1276"}],"version-history":[{"count":1,"href":"https:\/\/www.myd.gen.tr\/en\/wp-json\/wp\/v2\/pages\/1276\/revisions"}],"predecessor-version":[{"id":1277,"href":"https:\/\/www.myd.gen.tr\/en\/wp-json\/wp\/v2\/pages\/1276\/revisions\/1277"}],"wp:attachment":[{"href":"https:\/\/www.myd.gen.tr\/en\/wp-json\/wp\/v2\/media?parent=1276"}],"curies":[{"name":"wp","href":"https:\/\/api.w.org\/{rel}","templated":true}]}}