{"id":1288,"date":"2016-07-11T15:15:16","date_gmt":"2016-07-11T12:15:16","guid":{"rendered":"http:\/\/www.myd.gen.tr\/?page_id=1288"},"modified":"2016-07-11T15:15:16","modified_gmt":"2016-07-11T12:15:16","slug":"the-security-service-survey","status":"publish","type":"page","link":"https:\/\/www.myd.gen.tr\/en\/the-security-service-survey\/","title":{"rendered":"The Security Service Survey"},"content":{"rendered":"<p>Whether outsourced or indoor it is important to survey and reconstruct the security service in accordance with the needs and established procedures of the companies for the continuation of the service.<\/p>\n<p>This way, it will be possible to use security service more effectively and this will help companies to save from costs and enable to foces onmain business activities.<\/p>\n<p>It will also be possible to examine the contract and according to the procedure given in outsourcing services.<\/p>\n<p>Law No. 5188 on Private Security Services imposes various obligations in the field of private security companies and service side, a portion of which includes punitive conditions. Examination of the legal obligations in terms of the Private Security Services is therefore includes much importance.<\/p>\n<p>The applications may become static in time and also located staff and supervisors within the system can create the perception of blindness. Therefore, being controlled by an external aspect of the system would be more helpful.<\/p>\n","protected":false},"excerpt":{"rendered":"<p>Whether outsourced or indoor it is important to survey and reconstruct the security service in accordance with the needs and established procedures of the companies for<span class=\"excerpt-hellip\"> [\u2026]<\/span><\/p>\n","protected":false},"author":1,"featured_media":0,"parent":0,"menu_order":0,"comment_status":"closed","ping_status":"closed","template":"","meta":{"rs_blank_template":"","rs_page_bg_color":"","slide_template_v7":"","footnotes":""},"class_list":["post-1288","page","type-page","status-publish","hentry"],"yoast_head":"<!-- This site is optimized with the Yoast SEO plugin v27.4 - https:\/\/yoast.com\/product\/yoast-seo-wordpress\/ -->\n<title>The Security Service Survey<\/title>\n<meta name=\"robots\" content=\"index, follow, max-snippet:-1, max-image-preview:large, max-video-preview:-1\" \/>\n<link rel=\"canonical\" href=\"https:\/\/www.myd.gen.tr\/en\/the-security-service-survey\/\" \/>\n<meta property=\"og:locale\" content=\"en_US\" \/>\n<meta property=\"og:type\" content=\"article\" \/>\n<meta property=\"og:title\" content=\"The Security Service Survey\" \/>\n<meta property=\"og:description\" content=\"Whether outsourced or indoor it is important to survey and reconstruct the security service in accordance with the needs and established procedures of the companies for [\u2026]\" \/>\n<meta property=\"og:url\" content=\"https:\/\/www.myd.gen.tr\/en\/the-security-service-survey\/\" \/>\n<meta property=\"og:site_name\" content=\"MYD \u00d6zel G\u00fcvenlik Dan\u0131\u015fmanl\u0131\u011f\u0131\" \/>\n<meta name=\"twitter:card\" content=\"summary_large_image\" \/>\n<meta name=\"twitter:label1\" content=\"Est. reading time\" \/>\n\t<meta name=\"twitter:data1\" content=\"1 minute\" \/>\n<script type=\"application\/ld+json\" class=\"yoast-schema-graph\">{\"@context\":\"https:\\\/\\\/schema.org\",\"@graph\":[{\"@type\":\"WebPage\",\"@id\":\"https:\\\/\\\/www.myd.gen.tr\\\/en\\\/the-security-service-survey\\\/\",\"url\":\"https:\\\/\\\/www.myd.gen.tr\\\/en\\\/the-security-service-survey\\\/\",\"name\":\"The Security Service Survey\",\"isPartOf\":{\"@id\":\"https:\\\/\\\/www.myd.gen.tr\\\/#website\"},\"datePublished\":\"2016-07-11T12:15:16+00:00\",\"breadcrumb\":{\"@id\":\"https:\\\/\\\/www.myd.gen.tr\\\/en\\\/the-security-service-survey\\\/#breadcrumb\"},\"inLanguage\":\"en-US\",\"potentialAction\":[{\"@type\":\"ReadAction\",\"target\":[\"https:\\\/\\\/www.myd.gen.tr\\\/en\\\/the-security-service-survey\\\/\"]}]},{\"@type\":\"BreadcrumbList\",\"@id\":\"https:\\\/\\\/www.myd.gen.tr\\\/en\\\/the-security-service-survey\\\/#breadcrumb\",\"itemListElement\":[{\"@type\":\"ListItem\",\"position\":1,\"name\":\"Ana sayfa\",\"item\":\"https:\\\/\\\/www.myd.gen.tr\\\/en\\\/\"},{\"@type\":\"ListItem\",\"position\":2,\"name\":\"The Security Service Survey\"}]},{\"@type\":\"WebSite\",\"@id\":\"https:\\\/\\\/www.myd.gen.tr\\\/#website\",\"url\":\"https:\\\/\\\/www.myd.gen.tr\\\/\",\"name\":\"MYD \u00d6zel G\u00fcvenlik Dan\u0131\u015fmanl\u0131\u011f\u0131\",\"description\":\"G\u00fcvenli\u011finiz ile ilgili, ihtiya\u00e7 duydu\u011funuz her konuda yan\u0131n\u0131zday\u0131z.\",\"potentialAction\":[{\"@type\":\"SearchAction\",\"target\":{\"@type\":\"EntryPoint\",\"urlTemplate\":\"https:\\\/\\\/www.myd.gen.tr\\\/?s={search_term_string}\"},\"query-input\":{\"@type\":\"PropertyValueSpecification\",\"valueRequired\":true,\"valueName\":\"search_term_string\"}}],\"inLanguage\":\"en-US\"}]}<\/script>\n<!-- \/ Yoast SEO plugin. -->","yoast_head_json":{"title":"The Security Service Survey","robots":{"index":"index","follow":"follow","max-snippet":"max-snippet:-1","max-image-preview":"max-image-preview:large","max-video-preview":"max-video-preview:-1"},"canonical":"https:\/\/www.myd.gen.tr\/en\/the-security-service-survey\/","og_locale":"en_US","og_type":"article","og_title":"The Security Service Survey","og_description":"Whether outsourced or indoor it is important to survey and reconstruct the security service in accordance with the needs and established procedures of the companies for [\u2026]","og_url":"https:\/\/www.myd.gen.tr\/en\/the-security-service-survey\/","og_site_name":"MYD \u00d6zel G\u00fcvenlik Dan\u0131\u015fmanl\u0131\u011f\u0131","twitter_card":"summary_large_image","twitter_misc":{"Est. reading time":"1 minute"},"schema":{"@context":"https:\/\/schema.org","@graph":[{"@type":"WebPage","@id":"https:\/\/www.myd.gen.tr\/en\/the-security-service-survey\/","url":"https:\/\/www.myd.gen.tr\/en\/the-security-service-survey\/","name":"The Security Service Survey","isPartOf":{"@id":"https:\/\/www.myd.gen.tr\/#website"},"datePublished":"2016-07-11T12:15:16+00:00","breadcrumb":{"@id":"https:\/\/www.myd.gen.tr\/en\/the-security-service-survey\/#breadcrumb"},"inLanguage":"en-US","potentialAction":[{"@type":"ReadAction","target":["https:\/\/www.myd.gen.tr\/en\/the-security-service-survey\/"]}]},{"@type":"BreadcrumbList","@id":"https:\/\/www.myd.gen.tr\/en\/the-security-service-survey\/#breadcrumb","itemListElement":[{"@type":"ListItem","position":1,"name":"Ana sayfa","item":"https:\/\/www.myd.gen.tr\/en\/"},{"@type":"ListItem","position":2,"name":"The Security Service Survey"}]},{"@type":"WebSite","@id":"https:\/\/www.myd.gen.tr\/#website","url":"https:\/\/www.myd.gen.tr\/","name":"MYD \u00d6zel G\u00fcvenlik Dan\u0131\u015fmanl\u0131\u011f\u0131","description":"G\u00fcvenli\u011finiz ile ilgili, ihtiya\u00e7 duydu\u011funuz her konuda yan\u0131n\u0131zday\u0131z.","potentialAction":[{"@type":"SearchAction","target":{"@type":"EntryPoint","urlTemplate":"https:\/\/www.myd.gen.tr\/?s={search_term_string}"},"query-input":{"@type":"PropertyValueSpecification","valueRequired":true,"valueName":"search_term_string"}}],"inLanguage":"en-US"}]}},"_links":{"self":[{"href":"https:\/\/www.myd.gen.tr\/en\/wp-json\/wp\/v2\/pages\/1288","targetHints":{"allow":["GET"]}}],"collection":[{"href":"https:\/\/www.myd.gen.tr\/en\/wp-json\/wp\/v2\/pages"}],"about":[{"href":"https:\/\/www.myd.gen.tr\/en\/wp-json\/wp\/v2\/types\/page"}],"author":[{"embeddable":true,"href":"https:\/\/www.myd.gen.tr\/en\/wp-json\/wp\/v2\/users\/1"}],"replies":[{"embeddable":true,"href":"https:\/\/www.myd.gen.tr\/en\/wp-json\/wp\/v2\/comments?post=1288"}],"version-history":[{"count":1,"href":"https:\/\/www.myd.gen.tr\/en\/wp-json\/wp\/v2\/pages\/1288\/revisions"}],"predecessor-version":[{"id":1289,"href":"https:\/\/www.myd.gen.tr\/en\/wp-json\/wp\/v2\/pages\/1288\/revisions\/1289"}],"wp:attachment":[{"href":"https:\/\/www.myd.gen.tr\/en\/wp-json\/wp\/v2\/media?parent=1288"}],"curies":[{"name":"wp","href":"https:\/\/api.w.org\/{rel}","templated":true}]}}